{"id":7,"date":"2024-03-18T12:35:08","date_gmt":"2024-03-18T11:35:08","guid":{"rendered":"https:\/\/www.agrothermal.sk\/?page_id=7"},"modified":"2024-04-15T13:05:32","modified_gmt":"2024-04-15T11:05:32","slug":"o-stranke","status":"publish","type":"page","link":"https:\/\/www.agrothermal.sk\/?page_id=7","title":{"rendered":"O penzi\u00f3ne"},"content":{"rendered":"\n<h1 class=\"wp-block-heading\"><strong>Dvojl\u00f4\u017ekov\u00e1 izba s man\u017eelskou poste\u013eou alebo 2 oddelen\u00fdmi l\u00f4\u017ekami<\/strong><\/h1>\n\n\n\n<figure class=\"wp-block-gallery has-nested-images columns-default is-cropped wp-block-gallery-1 is-layout-flex wp-block-gallery-is-layout-flex\">\n<figure class=\"wp-block-image size-large\"><img loading=\"lazy\" decoding=\"async\" width=\"1024\" height=\"553\" data-id=\"143\" src=\"https:\/\/www.agrothermal.sk\/wp-content\/uploads\/2024\/04\/37002102.jpg\" alt=\"\" class=\"wp-image-143\" srcset=\"https:\/\/www.agrothermal.sk\/wp-content\/uploads\/2024\/04\/37002102.jpg 1024w, https:\/\/www.agrothermal.sk\/wp-content\/uploads\/2024\/04\/37002102-300x162.jpg 300w, https:\/\/www.agrothermal.sk\/wp-content\/uploads\/2024\/04\/37002102-768x415.jpg 768w\" sizes=\"(max-width: 767px) 89vw, (max-width: 1000px) 54vw, (max-width: 1071px) 543px, 580px\" \/><\/figure>\n\n\n\n<figure class=\"wp-block-image size-large\"><img loading=\"lazy\" decoding=\"async\" width=\"1020\" height=\"768\" data-id=\"144\" src=\"https:\/\/www.agrothermal.sk\/wp-content\/uploads\/2024\/04\/420268270.jpg\" alt=\"\" class=\"wp-image-144\" srcset=\"https:\/\/www.agrothermal.sk\/wp-content\/uploads\/2024\/04\/420268270.jpg 1020w, https:\/\/www.agrothermal.sk\/wp-content\/uploads\/2024\/04\/420268270-300x226.jpg 300w, https:\/\/www.agrothermal.sk\/wp-content\/uploads\/2024\/04\/420268270-768x578.jpg 768w\" sizes=\"(max-width: 767px) 89vw, (max-width: 1000px) 54vw, (max-width: 1071px) 543px, 580px\" \/><\/figure>\n\n\n\n<figure class=\"wp-block-image size-large\"><img loading=\"lazy\" decoding=\"async\" width=\"1020\" height=\"768\" data-id=\"146\" src=\"https:\/\/www.agrothermal.sk\/wp-content\/uploads\/2024\/04\/420268653.jpg\" alt=\"\" class=\"wp-image-146\" srcset=\"https:\/\/www.agrothermal.sk\/wp-content\/uploads\/2024\/04\/420268653.jpg 1020w, https:\/\/www.agrothermal.sk\/wp-content\/uploads\/2024\/04\/420268653-300x226.jpg 300w, https:\/\/www.agrothermal.sk\/wp-content\/uploads\/2024\/04\/420268653-768x578.jpg 768w\" sizes=\"(max-width: 767px) 89vw, (max-width: 1000px) 54vw, (max-width: 1071px) 543px, 580px\" \/><\/figure>\n\n\n\n<figure class=\"wp-block-image size-large\"><img loading=\"lazy\" decoding=\"async\" width=\"1020\" height=\"768\" data-id=\"145\" src=\"https:\/\/www.agrothermal.sk\/wp-content\/uploads\/2024\/04\/420268555.jpg\" alt=\"\" class=\"wp-image-145\" srcset=\"https:\/\/www.agrothermal.sk\/wp-content\/uploads\/2024\/04\/420268555.jpg 1020w, https:\/\/www.agrothermal.sk\/wp-content\/uploads\/2024\/04\/420268555-300x226.jpg 300w, https:\/\/www.agrothermal.sk\/wp-content\/uploads\/2024\/04\/420268555-768x578.jpg 768w\" sizes=\"(max-width: 767px) 89vw, (max-width: 1000px) 54vw, (max-width: 1071px) 543px, 580px\" \/><\/figure>\n<\/figure>\n\n\n\n<h2 class=\"wp-block-heading\">Rozloha &#8211; 20 m\u00b2<\/h2>\n\n\n\n<p>T\u00e1to izba m\u00e1 priestor na posedenie a s\u00fakromn\u00fa k\u00fape\u013e\u0148u so sprchovac\u00edm k\u00fatom alebo va\u0148ou. K vybaveniu patr\u00ed TV a p\u00edsac\u00ed st\u00f4l.<\/p>\n\n\n\n<h2 class=\"wp-block-heading\">K dispoz\u00edcii vo va\u0161ej s\u00fakromnej k\u00fape\u013eni:<\/h2>\n\n\n\n<ul>\n<li>Sprchovac\u00ed k\u00fat<\/li>\n\n\n\n<li>Toaleta<\/li>\n<\/ul>\n\n\n\n<h2 class=\"wp-block-heading\">Vybavenie:<\/h2>\n\n\n\n<ul>\n<li>Pracovn\u00fd st\u00f4l<\/li>\n\n\n\n<li>TV<\/li>\n\n\n\n<li>Poste\u013en\u00e1 bielize\u0148<\/li>\n\n\n\n<li>Uter\u00e1ky<\/li>\n\n\n\n<li>Skri\u0148a alebo \u0161atn\u00edk<\/li>\n\n\n\n<li>Priestor na posedenie<\/li>\n<\/ul>\n\n\n\n<hr class=\"wp-block-separator has-alpha-channel-opacity\"\/>\n\n\n\n<h2 class=\"wp-block-heading\"><strong>Trojl\u00f4\u017ekov\u00e1 izba<\/strong><\/h2>\n\n\n\n<figure class=\"wp-block-gallery has-nested-images columns-default is-cropped wp-block-gallery-2 is-layout-flex wp-block-gallery-is-layout-flex\">\n<figure class=\"wp-block-image size-large\"><img loading=\"lazy\" decoding=\"async\" width=\"1020\" height=\"768\" data-id=\"148\" src=\"https:\/\/www.agrothermal.sk\/wp-content\/uploads\/2024\/04\/420281079.jpg\" alt=\"\" class=\"wp-image-148\" srcset=\"https:\/\/www.agrothermal.sk\/wp-content\/uploads\/2024\/04\/420281079.jpg 1020w, https:\/\/www.agrothermal.sk\/wp-content\/uploads\/2024\/04\/420281079-300x226.jpg 300w, https:\/\/www.agrothermal.sk\/wp-content\/uploads\/2024\/04\/420281079-768x578.jpg 768w\" sizes=\"(max-width: 767px) 89vw, (max-width: 1000px) 54vw, (max-width: 1071px) 543px, 580px\" \/><\/figure>\n\n\n\n<figure class=\"wp-block-image size-large\"><img loading=\"lazy\" decoding=\"async\" width=\"1020\" height=\"768\" data-id=\"149\" src=\"https:\/\/www.agrothermal.sk\/wp-content\/uploads\/2024\/04\/420280045.jpg\" alt=\"\" class=\"wp-image-149\" srcset=\"https:\/\/www.agrothermal.sk\/wp-content\/uploads\/2024\/04\/420280045.jpg 1020w, https:\/\/www.agrothermal.sk\/wp-content\/uploads\/2024\/04\/420280045-300x226.jpg 300w, https:\/\/www.agrothermal.sk\/wp-content\/uploads\/2024\/04\/420280045-768x578.jpg 768w\" sizes=\"(max-width: 767px) 89vw, (max-width: 1000px) 54vw, (max-width: 1071px) 543px, 580px\" \/><\/figure>\n<\/figure>\n\n\n\n<h2 class=\"wp-block-heading\">Rozloha &#8211; 20 m\u00b2<\/h2>\n\n\n\n<p>T\u00e1to trojl\u00f4\u017ekov\u00e1 izba m\u00e1 priestor na posedenie a s\u00fakromn\u00fa k\u00fape\u013e\u0148u so sprchovac\u00edm k\u00fatom alebo va\u0148ou. K vybaveniu patr\u00ed TV, chladni\u010dka, Wifi.<\/p>\n\n\n\n<h2 class=\"wp-block-heading\">K dispoz\u00edcii vo va\u0161ej s\u00fakromnej k\u00fape\u013eni:<\/h2>\n\n\n\n<ul>\n<li>Sprchovac\u00ed k\u00fat<\/li>\n\n\n\n<li>Toaleta<\/li>\n<\/ul>\n\n\n\n<h2 class=\"wp-block-heading\">Vybavenie:<\/h2>\n\n\n\n<ul>\n<li>Pracovn\u00fd st\u00f4l<\/li>\n\n\n\n<li>TV<\/li>\n\n\n\n<li>Poste\u013en\u00e1 bielize\u0148<\/li>\n\n\n\n<li>Uter\u00e1ky<\/li>\n\n\n\n<li>Skri\u0148a alebo \u0161atn\u00edk<\/li>\n\n\n\n<li>Priestor na posedenie<\/li>\n<\/ul>\n\n\n\n<hr class=\"wp-block-separator has-alpha-channel-opacity\"\/>\n\n\n\n<h2 class=\"wp-block-heading\"><strong>Rodinn\u00e1 izba<\/strong><\/h2>\n\n\n\n<figure class=\"wp-block-gallery has-nested-images columns-default is-cropped wp-block-gallery-3 is-layout-flex wp-block-gallery-is-layout-flex\">\n<figure class=\"wp-block-image size-large\"><img loading=\"lazy\" decoding=\"async\" width=\"1024\" height=\"768\" data-id=\"150\" src=\"https:\/\/www.agrothermal.sk\/wp-content\/uploads\/2024\/04\/87264117.jpg\" alt=\"\" class=\"wp-image-150\" srcset=\"https:\/\/www.agrothermal.sk\/wp-content\/uploads\/2024\/04\/87264117.jpg 1024w, https:\/\/www.agrothermal.sk\/wp-content\/uploads\/2024\/04\/87264117-300x225.jpg 300w, https:\/\/www.agrothermal.sk\/wp-content\/uploads\/2024\/04\/87264117-768x576.jpg 768w\" sizes=\"(max-width: 767px) 89vw, (max-width: 1000px) 54vw, (max-width: 1071px) 543px, 580px\" \/><\/figure>\n\n\n\n<figure class=\"wp-block-image size-large\"><img loading=\"lazy\" decoding=\"async\" width=\"1024\" height=\"768\" data-id=\"151\" src=\"https:\/\/www.agrothermal.sk\/wp-content\/uploads\/2024\/04\/87264106.jpg\" alt=\"\" class=\"wp-image-151\" srcset=\"https:\/\/www.agrothermal.sk\/wp-content\/uploads\/2024\/04\/87264106.jpg 1024w, https:\/\/www.agrothermal.sk\/wp-content\/uploads\/2024\/04\/87264106-300x225.jpg 300w, https:\/\/www.agrothermal.sk\/wp-content\/uploads\/2024\/04\/87264106-768x576.jpg 768w\" sizes=\"(max-width: 767px) 89vw, (max-width: 1000px) 54vw, (max-width: 1071px) 543px, 580px\" \/><\/figure>\n<\/figure>\n\n\n\n<p>Rozloha &#8211; 35 m\u00b2<\/p>\n\n\n\n<p>S\u00fakromn\u00e1 k\u00fape\u013e\u0148a<\/p>\n\n\n\n<p>Bezplatn\u00e9 Wi-Fi<\/p>\n\n\n\n<h2 class=\"wp-block-heading\">Rozloha<\/h2>\n\n\n\n<p>T\u00e1to \u0161tvorl\u00f4\u017ekov\u00e1 izba m\u00e1 priestor na posedenie a s\u00fakromn\u00fa k\u00fape\u013e\u0148u so sprchovac\u00edm k\u00fatom. K vybaveniu patr\u00ed rozkladacia pohovka a k\u00e1blov\u00e1 TV.<\/p>\n\n\n\n<h2 class=\"wp-block-heading\">K dispoz\u00edcii vo va\u0161ej s\u00fakromnej k\u00fape\u013eni:<\/h2>\n\n\n\n<ul>\n<li>Sprchovac\u00ed k\u00fat<\/li>\n\n\n\n<li>Toaleta<\/li>\n<\/ul>\n\n\n\n<h2 class=\"wp-block-heading\">Vybavenie:<\/h2>\n\n\n\n<ul>\n<li>Pracovn\u00fd st\u00f4l<\/li>\n\n\n\n<li>TV<\/li>\n\n\n\n<li>Poste\u013en\u00e1 bielize\u0148<\/li>\n\n\n\n<li>K\u00e1blov\u00e9 kan\u00e1ly<\/li>\n\n\n\n<li>Uter\u00e1ky<\/li>\n\n\n\n<li>Skri\u0148a alebo \u0161atn\u00edk<\/li>\n\n\n\n<li>Priestor na posedenie<\/li>\n\n\n\n<li>Pohovka<\/li>\n<\/ul>\n\n\n\n<hr class=\"wp-block-separator has-alpha-channel-opacity\"\/>\n\n\n\n<p><strong>Apartm\u00e1n Standard<\/strong><\/p>\n\n\n\n<figure class=\"wp-block-gallery has-nested-images columns-default is-cropped wp-block-gallery-4 is-layout-flex wp-block-gallery-is-layout-flex\">\n<figure class=\"wp-block-image size-large\"><img loading=\"lazy\" decoding=\"async\" width=\"512\" height=\"768\" data-id=\"153\" src=\"https:\/\/www.agrothermal.sk\/wp-content\/uploads\/2024\/04\/262456763.jpg\" alt=\"\" class=\"wp-image-153\" srcset=\"https:\/\/www.agrothermal.sk\/wp-content\/uploads\/2024\/04\/262456763.jpg 512w, https:\/\/www.agrothermal.sk\/wp-content\/uploads\/2024\/04\/262456763-200x300.jpg 200w\" sizes=\"(max-width: 512px) 100vw, 512px\" \/><\/figure>\n\n\n\n<figure class=\"wp-block-image size-large\"><img loading=\"lazy\" decoding=\"async\" width=\"1024\" height=\"683\" data-id=\"160\" src=\"https:\/\/www.agrothermal.sk\/wp-content\/uploads\/2024\/04\/262456734.jpg\" alt=\"\" class=\"wp-image-160\" srcset=\"https:\/\/www.agrothermal.sk\/wp-content\/uploads\/2024\/04\/262456734.jpg 1024w, https:\/\/www.agrothermal.sk\/wp-content\/uploads\/2024\/04\/262456734-300x200.jpg 300w, https:\/\/www.agrothermal.sk\/wp-content\/uploads\/2024\/04\/262456734-768x512.jpg 768w\" sizes=\"(max-width: 767px) 89vw, (max-width: 1000px) 54vw, (max-width: 1071px) 543px, 580px\" \/><\/figure>\n\n\n\n<figure class=\"wp-block-image size-large\"><img loading=\"lazy\" decoding=\"async\" width=\"1024\" height=\"683\" data-id=\"158\" src=\"https:\/\/www.agrothermal.sk\/wp-content\/uploads\/2024\/04\/262456701.jpg\" alt=\"\" class=\"wp-image-158\" srcset=\"https:\/\/www.agrothermal.sk\/wp-content\/uploads\/2024\/04\/262456701.jpg 1024w, https:\/\/www.agrothermal.sk\/wp-content\/uploads\/2024\/04\/262456701-300x200.jpg 300w, https:\/\/www.agrothermal.sk\/wp-content\/uploads\/2024\/04\/262456701-768x512.jpg 768w\" sizes=\"(max-width: 767px) 89vw, (max-width: 1000px) 54vw, (max-width: 1071px) 543px, 580px\" \/><\/figure>\n\n\n\n<figure class=\"wp-block-image size-large\"><img loading=\"lazy\" decoding=\"async\" width=\"512\" height=\"768\" data-id=\"155\" src=\"https:\/\/www.agrothermal.sk\/wp-content\/uploads\/2024\/04\/262456674.jpg\" alt=\"\" class=\"wp-image-155\" srcset=\"https:\/\/www.agrothermal.sk\/wp-content\/uploads\/2024\/04\/262456674.jpg 512w, https:\/\/www.agrothermal.sk\/wp-content\/uploads\/2024\/04\/262456674-200x300.jpg 200w\" sizes=\"(max-width: 512px) 100vw, 512px\" \/><\/figure>\n\n\n\n<figure class=\"wp-block-image size-large\"><img loading=\"lazy\" decoding=\"async\" width=\"512\" height=\"768\" data-id=\"159\" src=\"https:\/\/www.agrothermal.sk\/wp-content\/uploads\/2024\/04\/262456668.jpg\" alt=\"\" class=\"wp-image-159\" srcset=\"https:\/\/www.agrothermal.sk\/wp-content\/uploads\/2024\/04\/262456668.jpg 512w, https:\/\/www.agrothermal.sk\/wp-content\/uploads\/2024\/04\/262456668-200x300.jpg 200w\" sizes=\"(max-width: 512px) 100vw, 512px\" \/><\/figure>\n\n\n\n<figure class=\"wp-block-image size-large\"><img loading=\"lazy\" decoding=\"async\" width=\"1024\" height=\"683\" data-id=\"161\" src=\"https:\/\/www.agrothermal.sk\/wp-content\/uploads\/2024\/04\/262456802.jpg\" alt=\"\" class=\"wp-image-161\" srcset=\"https:\/\/www.agrothermal.sk\/wp-content\/uploads\/2024\/04\/262456802.jpg 1024w, https:\/\/www.agrothermal.sk\/wp-content\/uploads\/2024\/04\/262456802-300x200.jpg 300w, https:\/\/www.agrothermal.sk\/wp-content\/uploads\/2024\/04\/262456802-768x512.jpg 768w\" sizes=\"(max-width: 767px) 89vw, (max-width: 1000px) 54vw, (max-width: 1071px) 543px, 580px\" \/><\/figure>\n\n\n\n<figure class=\"wp-block-image size-large\"><img loading=\"lazy\" decoding=\"async\" width=\"1024\" height=\"683\" data-id=\"162\" src=\"https:\/\/www.agrothermal.sk\/wp-content\/uploads\/2024\/04\/262456795.jpg\" alt=\"\" class=\"wp-image-162\" srcset=\"https:\/\/www.agrothermal.sk\/wp-content\/uploads\/2024\/04\/262456795.jpg 1024w, https:\/\/www.agrothermal.sk\/wp-content\/uploads\/2024\/04\/262456795-300x200.jpg 300w, https:\/\/www.agrothermal.sk\/wp-content\/uploads\/2024\/04\/262456795-768x512.jpg 768w\" sizes=\"(max-width: 767px) 89vw, (max-width: 1000px) 54vw, (max-width: 1071px) 543px, 580px\" \/><\/figure>\n\n\n\n<figure class=\"wp-block-image size-large\"><img loading=\"lazy\" decoding=\"async\" width=\"512\" height=\"768\" data-id=\"157\" src=\"https:\/\/www.agrothermal.sk\/wp-content\/uploads\/2024\/04\/262456723.jpg\" alt=\"\" class=\"wp-image-157\" srcset=\"https:\/\/www.agrothermal.sk\/wp-content\/uploads\/2024\/04\/262456723.jpg 512w, https:\/\/www.agrothermal.sk\/wp-content\/uploads\/2024\/04\/262456723-200x300.jpg 200w\" sizes=\"(max-width: 512px) 100vw, 512px\" \/><\/figure>\n\n\n\n<figure class=\"wp-block-image size-large\"><img loading=\"lazy\" decoding=\"async\" width=\"512\" height=\"768\" data-id=\"156\" src=\"https:\/\/www.agrothermal.sk\/wp-content\/uploads\/2024\/04\/262456737.jpg\" alt=\"\" class=\"wp-image-156\" srcset=\"https:\/\/www.agrothermal.sk\/wp-content\/uploads\/2024\/04\/262456737.jpg 512w, https:\/\/www.agrothermal.sk\/wp-content\/uploads\/2024\/04\/262456737-200x300.jpg 200w\" sizes=\"(max-width: 512px) 100vw, 512px\" \/><\/figure>\n\n\n\n<figure class=\"wp-block-image size-large\"><img loading=\"lazy\" decoding=\"async\" width=\"512\" height=\"768\" data-id=\"154\" src=\"https:\/\/www.agrothermal.sk\/wp-content\/uploads\/2024\/04\/262456675.jpg\" alt=\"\" class=\"wp-image-154\" srcset=\"https:\/\/www.agrothermal.sk\/wp-content\/uploads\/2024\/04\/262456675.jpg 512w, https:\/\/www.agrothermal.sk\/wp-content\/uploads\/2024\/04\/262456675-200x300.jpg 200w\" sizes=\"(max-width: 512px) 100vw, 512px\" \/><\/figure>\n<\/figure>\n\n\n\n<p>Rodinn\u00fd apartm\u00e1n sa dvoma sp\u00e1l\u0148ami, ob\u00fdvacou izbou a plne vybavenou kuchy\u0148ou.<\/p>\n\n\n\n<p>Sp\u00e1l\u0148a \u010d. 1:<\/p>\n\n\n\n<p>1 ve\u013ek\u00e1 man\u017eelsk\u00e1 poste\u013e<\/p>\n\n\n\n<p>Sp\u00e1l\u0148a \u010d. 2:<\/p>\n\n\n\n<p>1 ve\u013ek\u00e1 man\u017eelsk\u00e1 poste\u013e<\/p>\n\n\n\n<p>Ob\u00fdvacia izba:<\/p>\n\n\n\n<p>1 pohovka<\/p>\n\n\n\n<p>Priestrann\u00e1 k\u00fapel\u0148a.<\/p>\n\n\n\n<h2 class=\"wp-block-heading\">K dispoz\u00edcii vo va\u0161ej s\u00fakromnej k\u00fape\u013eni:<\/h2>\n\n\n\n<ul>\n<li>&nbsp;<\/li>\n\n\n\n<li>Sprchovac\u00ed k\u00fat<\/li>\n\n\n\n<li>Toaleta<\/li>\n<\/ul>\n\n\n\n<h2 class=\"wp-block-heading\">Vybavenie:<\/h2>\n\n\n\n<ul>\n<li>Pracovn\u00fd st\u00f4l<\/li>\n\n\n\n<li>TV<\/li>\n\n\n\n<li>Poste\u013en\u00e1 bielize\u0148<\/li>\n\n\n\n<li>K\u00e1blov\u00e9 kan\u00e1ly<\/li>\n\n\n\n<li>Uter\u00e1ky<\/li>\n\n\n\n<li>Skri\u0148a alebo \u0161atn\u00edk<\/li>\n\n\n\n<li>Priestor na posedenie<\/li>\n\n\n\n<li>Pohovka<\/li>\n<\/ul>\n","protected":false},"excerpt":{"rendered":"<p>Dvojl\u00f4\u017ekov\u00e1 izba s man\u017eelskou poste\u013eou alebo 2 oddelen\u00fdmi l\u00f4\u017ekami Rozloha &#8211; 20 m\u00b2 T\u00e1to izba m\u00e1 priestor na posedenie a s\u00fakromn\u00fa k\u00fape\u013e\u0148u so sprchovac\u00edm k\u00fatom alebo va\u0148ou. K vybaveniu patr\u00ed TV a p\u00edsac\u00ed st\u00f4l. K dispoz\u00edcii vo va\u0161ej s\u00fakromnej k\u00fape\u013eni: Vybavenie: Trojl\u00f4\u017ekov\u00e1 izba Rozloha &#8211; 20 m\u00b2 T\u00e1to trojl\u00f4\u017ekov\u00e1 izba m\u00e1 priestor na posedenie a &hellip; <\/p>\n<p class=\"link-more\"><a href=\"https:\/\/www.agrothermal.sk\/?page_id=7\" class=\"more-link\">Pokra\u010dova\u0165 v \u010d\u00edtan\u00ed<span class=\"screen-reader-text\"> &#8222;O penzi\u00f3ne&#8220;<\/span><\/a><\/p>\n","protected":false},"author":1,"featured_media":0,"parent":0,"menu_order":0,"comment_status":"closed","ping_status":"closed","template":"","meta":{"footnotes":""},"_links":{"self":[{"href":"https:\/\/www.agrothermal.sk\/index.php?rest_route=\/wp\/v2\/pages\/7"}],"collection":[{"href":"https:\/\/www.agrothermal.sk\/index.php?rest_route=\/wp\/v2\/pages"}],"about":[{"href":"https:\/\/www.agrothermal.sk\/index.php?rest_route=\/wp\/v2\/types\/page"}],"author":[{"embeddable":true,"href":"https:\/\/www.agrothermal.sk\/index.php?rest_route=\/wp\/v2\/users\/1"}],"replies":[{"embeddable":true,"href":"https:\/\/www.agrothermal.sk\/index.php?rest_route=%2Fwp%2Fv2%2Fcomments&post=7"}],"version-history":[{"count":6,"href":"https:\/\/www.agrothermal.sk\/index.php?rest_route=\/wp\/v2\/pages\/7\/revisions"}],"predecessor-version":[{"id":163,"href":"https:\/\/www.agrothermal.sk\/index.php?rest_route=\/wp\/v2\/pages\/7\/revisions\/163"}],"wp:attachment":[{"href":"https:\/\/www.agrothermal.sk\/index.php?rest_route=%2Fwp%2Fv2%2Fmedia&parent=7"}],"curies":[{"name":"wp","href":"https:\/\/api.w.org\/{rel}","templated":true}]}}