{"id":6,"date":"2024-03-18T12:35:08","date_gmt":"2024-03-18T11:35:08","guid":{"rendered":"https:\/\/www.agrothermal.sk\/?page_id=6"},"modified":"2024-03-25T09:33:09","modified_gmt":"2024-03-25T08:33:09","slug":"uvodna-stranka","status":"publish","type":"page","link":"https:\/\/www.agrothermal.sk\/?page_id=6","title":{"rendered":"\u00davodn\u00e1 str\u00e1nka"},"content":{"rendered":"\n<p>Ubytovanie&nbsp; v srdci Liptova, v rodinnom penzi\u00f3ne Agrothermal, iba 10 min\u00fat pe\u0161ej ch\u00f4dze od k\u00fapeln\u00e9ho are\u00e1lu term\u00e1lneho k\u00fapaliska&nbsp; Be\u0161e\u0148ov\u00e1.<\/p>\n\n\n\n<p>Penzi\u00f3n pon\u00faka ubytovanie v 14 dvojposte\u013eov\u00fdch, 2 trojposte\u013eov\u00fdch a 4 apartm\u00e1noch 2+2 v pr\u00edjemnom prostred\u00ed Liptova.<\/p>\n\n\n\n<p>Celkov\u00e1 kapacita je 20 izieb a 50 l\u00f4\u017eok, ka\u017ed\u00e1 izba a apartm\u00e1ny maj\u00fa vlastn\u00fa k\u00fapel\u0148u a WC.<\/p>\n\n\n\n<p>Ubytova\u0165 sa je mo\u017en\u00e9 aj v samostatne stojacom apartm\u00e1ne s dvomi sp\u00e1l\u0148ami s celkovou kapacitou 6 os\u00f4b.<\/p>\n\n\n\n<p>Vo v\u0161etk\u00fdch priestoroch ubytovania je dostupn\u00e9 bezplatn\u00e9 Wi-Fi. Na mieste je k dispoz\u00edcii aj bezplatn\u00e9 s\u00fakromn\u00e9 parkovisko.<\/p>\n\n\n\n<p>Penzi\u00f3n pon\u00faka \u00faschov\u0148u ly\u017e\u00ed a bicyklov.<\/p>\n","protected":false},"excerpt":{"rendered":"<p>Ubytovanie&nbsp; v srdci Liptova, v rodinnom penzi\u00f3ne Agrothermal, iba 10 min\u00fat pe\u0161ej ch\u00f4dze od k\u00fapeln\u00e9ho are\u00e1lu term\u00e1lneho k\u00fapaliska&nbsp; Be\u0161e\u0148ov\u00e1. Penzi\u00f3n pon\u00faka ubytovanie v 14 dvojposte\u013eov\u00fdch, 2 trojposte\u013eov\u00fdch a 4 apartm\u00e1noch 2+2 v pr\u00edjemnom prostred\u00ed Liptova. Celkov\u00e1 kapacita je 20 izieb a 50 l\u00f4\u017eok, ka\u017ed\u00e1 izba a apartm\u00e1ny maj\u00fa vlastn\u00fa k\u00fapel\u0148u a WC. Ubytova\u0165 sa je &hellip; <\/p>\n<p class=\"link-more\"><a href=\"https:\/\/www.agrothermal.sk\/?page_id=6\" class=\"more-link\">Pokra\u010dova\u0165 v \u010d\u00edtan\u00ed<span class=\"screen-reader-text\"> &#8222;\u00davodn\u00e1 str\u00e1nka&#8220;<\/span><\/a><\/p>\n","protected":false},"author":1,"featured_media":0,"parent":0,"menu_order":0,"comment_status":"closed","ping_status":"closed","template":"","meta":{"footnotes":""},"_links":{"self":[{"href":"https:\/\/www.agrothermal.sk\/index.php?rest_route=\/wp\/v2\/pages\/6"}],"collection":[{"href":"https:\/\/www.agrothermal.sk\/index.php?rest_route=\/wp\/v2\/pages"}],"about":[{"href":"https:\/\/www.agrothermal.sk\/index.php?rest_route=\/wp\/v2\/types\/page"}],"author":[{"embeddable":true,"href":"https:\/\/www.agrothermal.sk\/index.php?rest_route=\/wp\/v2\/users\/1"}],"replies":[{"embeddable":true,"href":"https:\/\/www.agrothermal.sk\/index.php?rest_route=%2Fwp%2Fv2%2Fcomments&post=6"}],"version-history":[{"count":2,"href":"https:\/\/www.agrothermal.sk\/index.php?rest_route=\/wp\/v2\/pages\/6\/revisions"}],"predecessor-version":[{"id":134,"href":"https:\/\/www.agrothermal.sk\/index.php?rest_route=\/wp\/v2\/pages\/6\/revisions\/134"}],"wp:attachment":[{"href":"https:\/\/www.agrothermal.sk\/index.php?rest_route=%2Fwp%2Fv2%2Fmedia&parent=6"}],"curies":[{"name":"wp","href":"https:\/\/api.w.org\/{rel}","templated":true}]}}